{"id":1401,"date":"2025-12-15T16:20:32","date_gmt":"2025-12-15T13:20:32","guid":{"rendered":"https:\/\/evolutiontools.md\/?post_type=product&#038;p=1401"},"modified":"2025-12-15T16:39:08","modified_gmt":"2025-12-15T13:39:08","slug":"fera-r255tbl-tct","status":"publish","type":"product","link":"https:\/\/evolutiontools.md\/ro\/shop\/fera-r255tbl-tct\/","title":{"rendered":"Ferastrau circular Evolution R255TBL+ TCT Multi-material"},"content":{"rendered":"<p>Fier\u0103str\u0103ul circular portabil Evolution R255TBL+ este conceput pentru a \u00eenlocui fier\u0103straiele profesionale cu un diametru al lamei de 255 mm. Este fer\u0103str\u0103ul circular cu cea mai \u00eenalt\u0103 performan\u021b\u0103 al nostru, gata s\u0103 stabileasc\u0103 noi standarde de precizie, fiabilitate \u0219i t\u0103iere puternic\u0103 \u00eentr-o varietate de materiale.<\/p>\n<p>Fier\u0103str\u0103ul circular R255TBL+ se m\u00e2ndre\u0219te cu o precizie superioar\u0103. Designul s\u0103u sofisticat dispune de un ghidaj dublu cu cremalier\u0103 \u0219i pinion pentru t\u0103ieri precise \u0219i repetabile. Un nou mecanism de reglare a \u00een\u0103l\u021bimii \u0219i a unghiului lamei, ac\u021bionat de ro\u021bi din\u021bate, asigur\u0103 o micro-reglare repetabil\u0103. Reglarea patentat\u0103 a paralelismului ghidajului lamei permite t\u0103ieturi perfect drepte pe foi de dimensiuni standard, f\u0103r\u0103 blocare sau recul. R255TBL+ dispune, de asemenea, de o plac\u0103 de baz\u0103 metalic\u0103 cu reglare a \u00een\u0103l\u021bimii \u0219i a unghiului. Toate acestea fac din R255TBL+ cel mai precis \u0219i reglabil fer\u0103str\u0103u circular pe care l-am creat vreodat\u0103.<\/p>\n<p>R255TBL+ este mai versatil. Ghidajul s\u0103u integrat pentru t\u0103iere \u00een unghi utilizeaz\u0103 un profil de canal standard pentru compatibilitate cu accesorii ter\u021be, precum \u0219i ghidajul nostru special pentru t\u0103iere \u00een unghi cu clem\u0103 superioar\u0103. Ofer\u0103 o ad\u00e2ncime de t\u0103iere de 85 mm la 90 de grade \u0219i 58 mm la 45 de grade. Dispune de un blat de mas\u0103 din font\u0103 mai lat, cu un suport de alimentare integrat, permi\u021b\u00e2ndu-i s\u0103 manipuleze cu u\u0219urin\u021b\u0103 table de 8&#215;4 picioare, c\u00e2nt\u0103rind \u00een acela\u0219i timp mai pu\u021bin dec\u00e2t RAGE5-S. Ad\u0103uga\u021bi la acestea un sistem \u00eembun\u0103t\u0103\u021bit de colectare a prafului, capacitatea de a t\u0103ia o varietate de materiale \u0219i configurarea \u0219i reglarea f\u0103r\u0103 unelte, \u0219i ave\u021bi cel mai versatil fer\u0103str\u0103u circular pe care l-am creat vreodat\u0103.<\/p>\n<p>Fer\u0103str\u0103ul circular R255TBL+ este mai portabil. Mai mic \u0219i mai u\u0219or dec\u00e2t RAGE5-S, R255TBL+ este ad\u0103postit \u00eentr-un \u0219asiu u\u0219or cu m\u00e2nere de transport integrate. Este u\u0219or de transportat de o singur\u0103 persoan\u0103 f\u0103r\u0103 un suport cu ro\u021bi \u0219i, datorit\u0103 ro\u021bilor sale mari, potrivite pentru toate tipurile de teren, este incredibil de mobil \u0219i se potrive\u0219te cu u\u0219urin\u021b\u0103 printr-o u\u0219\u0103 interioar\u0103 standard (32 de inci), ceea ce \u00eel face fer\u0103str\u0103ul ideal pentru \u0219antierele de construc\u021bii.<\/p>\n<p>R255TBL+ este mai sigur. Un motor mai puternic de 1800 W dispune de pornire lin\u0103, fr\u00e2n\u0103 electronic\u0103 a lamei, protec\u021bie la suprasarcin\u0103 a motorului \u0219i oprire de urgen\u021b\u0103 tip p\u00e2rghie. O protec\u021bie a lamei ofer\u0103 o vizibilitate \u00eembun\u0103t\u0103\u021bit\u0103 a t\u0103ieturii, iar lama longitudinal\u0103 cu eliberare rapid\u0103 dispune de un unghi de deviere \u0219i reglare lateral\u0103 pentru o t\u0103iere mai u\u0219oar\u0103 \u0219i mai sigur\u0103, \u00een special atunci c\u00e2nd se lucreaz\u0103 cu pl\u0103ci de dimensiuni standard. O nou\u0103 carcas\u0103 a motorului ofer\u0103 o colectare \u00eembun\u0103t\u0103\u021bit\u0103 a prafului, un acces mai bun pentru cur\u0103\u021bare, iar schimbarea lamei este mai u\u0219oar\u0103 ca niciodat\u0103.<\/p>\n<p>Fier\u0103str\u0103ul circular portabil R255TBL+ de 255 mm este conceput pentru \u0219antier. Este mai puternic, mai precis, mai sigur de utilizat, mai rapid \u0219i mai u\u0219or de configurat dec\u00e2t fer\u0103str\u0103ul circular RAGE5-S \u0219i ofer\u0103 o valoare mai bun\u0103 dec\u00e2t m\u0103rcile concurente. Este preg\u0103tit s\u0103 ofere t\u0103ieri de \u00eenalt\u0103 performan\u021b\u0103 \u00eentr-o varietate de materiale, precum \u0219i precizia \u0219i finisajul de calitate de care ave\u021bi nevoie pentru proiectele dvs. de prelucrare a lemnului de \u00eenalt\u0103 calitate.<\/p>\n<p>Dimensiuni reduse de ambalare \u0219i depozitare<\/p>\n<p>Tehnologie de t\u0103iere pentru o varietate de materiale. Un fer\u0103str\u0103u, o lam\u0103, taie totul.*<br \/>\nMotor mai puternic, cu cuplu mare, de 1800 W<br \/>\nUnghiul de \u00eenclinare la 45\u00b0 \u0219i ghidajul de t\u0103iere \u00een unghiuri de +\/- 60\u00b0 acoper\u0103 unghiurile de t\u0103iere dificile<br \/>\nBlac mare &#8211; include extensii de mas\u0103 \u0219i suporturi de alimentare<br \/>\nCablu durabil de 4 m cu suport de cablu \u00eencorporat<br \/>\nInclude suport de alimentare<br \/>\nInclude kit de furtun de aspirare cu dubl\u0103 intrare<br \/>\nToate uneltele \u0219i accesoriile sunt stocate pe cadrul uneltei<br \/>\nGaran\u021bie limitat\u0103 de 3 ani<br \/>\nTaie o varietate de materiale, include o lam\u0103 TCT japonez\u0103 de 255 mm, cu 28 de din\u021bi<\/p>\n<p>Motor: 1800 W<br \/>\nTura\u021bie la mers \u00een gol: 3050 rpm<br \/>\nUnghiul maxim de \u00eenclinare (st\u00e2nga): 45\u00b0 (-2 p\u00e2n\u0103 la 47\u00b0 f\u0103r\u0103 \u0219tifturi de blocare) \u0219aibe)<br \/>\nDiametrul lamei: 255 mm<br \/>\nNum\u0103r de din\u021bi: 28<br \/>\nDiametrul alezajului: 25,4 mm<br \/>\nL\u0103\u021bimea t\u0103ieturii: 2 mm<br \/>\nAd\u00e2ncime maxim\u0103 de t\u0103iere (0\u00b0): 85 mm<br \/>\nMax. Ad\u00e2ncime de t\u0103iere (45\u00b0): 58 mm<br \/>\nPlac\u0103 de o\u021bel moale<br \/>\n(Grosime maxim\u0103): 6 mm<br \/>\nL\u0103\u021bime de fixare &#8211; dreapta lamei: 650 mm<br \/>\nL\u0103\u021bime de fixare &#8211; st\u00e2nga lamei: 371 mm<br \/>\nGrosimea cu\u021bitului pentru nervuri: 1,8 mm<br \/>\nDimensiuni produs: (cu picioare) 340 x 965 x 653 mm<br \/>\nDimensiuni produs: (f\u0103r\u0103 picioare) 340 x 659 x 653 mm<br \/>\nDimensiuni maxime mas\u0103: 1200 x 640 mm<br \/>\nDimensiuni minime mas\u0103: 745 x 640 mm<br \/>\nDimensiuni ambalare: 910 x 370 x 750 mm<br \/>\nDimensiuni pliat cu suport: \u00ce 1110 x A 760 x L 850 mm<br \/>\nGreutate produs: 23,33 kg<\/p>\n","protected":false},"excerpt":{"rendered":"<p>Fier\u0103str\u0103u circular portabil cu lam\u0103 de 255 mm.<br \/>\nGhidaj dublu.<br \/>\nT\u0103iere precis\u0103, instalare f\u0103r\u0103 unelte.<br \/>\nPoate fi montat pe o banc\u0103 de lucru sau pe un suport.<\/p>\n<p>Motor: 1800 W<br \/>\nTura\u021bie la mers \u00een gol: 3050 rpm<br \/>\nUnghi maxim de \u00eenclinare (st\u00e2nga): 45\u00b0 (-2 p\u00e2n\u0103 la 47\u00b0 f\u0103r\u0103 \u0219aibe de blocare)<br \/>\nDiametrul lamei: 255 mm<br \/>\nNum\u0103r de din\u021bi: 28<br \/>\nDiametrul alezajului: 25,4 mm<\/p>\n[embed]https:\/\/vimeo.com\/927987656?fl=pl&#038;fe=cm[\/embed]\n","protected":false},"featured_media":1404,"comment_status":"closed","ping_status":"closed","template":"","meta":[],"product_brand":[],"product_cat":[47,50],"product_tag":[],"class_list":{"0":"post-1401","1":"product","2":"type-product","3":"status-publish","4":"has-post-thumbnail","6":"product_cat-fierastraie-de-masa","7":"product_cat-fierastraie-circulare","9":"first","10":"instock","11":"sale","12":"shipping-taxable","13":"purchasable","14":"product-type-simple"},"_links":{"self":[{"href":"https:\/\/evolutiontools.md\/ro\/wp-json\/wp\/v2\/product\/1401","targetHints":{"allow":["GET"]}}],"collection":[{"href":"https:\/\/evolutiontools.md\/ro\/wp-json\/wp\/v2\/product"}],"about":[{"href":"https:\/\/evolutiontools.md\/ro\/wp-json\/wp\/v2\/types\/product"}],"replies":[{"embeddable":true,"href":"https:\/\/evolutiontools.md\/ro\/wp-json\/wp\/v2\/comments?post=1401"}],"wp:featuredmedia":[{"embeddable":true,"href":"https:\/\/evolutiontools.md\/ro\/wp-json\/wp\/v2\/media\/1404"}],"wp:attachment":[{"href":"https:\/\/evolutiontools.md\/ro\/wp-json\/wp\/v2\/media?parent=1401"}],"wp:term":[{"taxonomy":"product_brand","embeddable":true,"href":"https:\/\/evolutiontools.md\/ro\/wp-json\/wp\/v2\/product_brand?post=1401"},{"taxonomy":"product_cat","embeddable":true,"href":"https:\/\/evolutiontools.md\/ro\/wp-json\/wp\/v2\/product_cat?post=1401"},{"taxonomy":"product_tag","embeddable":true,"href":"https:\/\/evolutiontools.md\/ro\/wp-json\/wp\/v2\/product_tag?post=1401"}],"curies":[{"name":"wp","href":"https:\/\/api.w.org\/{rel}","templated":true}]}}