{"id":789,"date":"2024-01-17T20:18:02","date_gmt":"2024-01-17T17:18:02","guid":{"rendered":"https:\/\/evolutiontools.md\/?post_type=product&#038;p=789"},"modified":"2024-02-19T13:40:53","modified_gmt":"2024-02-19T10:40:53","slug":"cutter-electric-cu-disc-evolution-r300dct-300-mm-cu-antipraf","status":"publish","type":"product","link":"https:\/\/evolutiontools.md\/ro\/shop\/cutter-electric-cu-disc-evolution-r300dct-300-mm-cu-antipraf\/","title":{"rendered":"Cutter electric cu disc Evolution R300DCT+ 300 mm cu antipraf"},"content":{"rendered":"<p>Conceput pentru a cuceri \u0219antierele profesionale, noul t\u0103ietor electric cu discuri R300DCT+ este fer\u0103str\u0103ul ideal pentru zid\u0103rie pentru profesioni\u0219ti atunci c\u00e2nd controlul eficient al prafului este o necesitate. Are o ad\u00e2ncime de t\u0103iere impresionant\u0103 de 115 mm, ceea ce o face una dintre cele mai ad\u00e2nci ma\u0219ini de 300 mm de pe pia\u021b\u0103. Suprimarea \u00eencorporat\u0103 a prafului este asigurat\u0103 de un sistem de alimentare cu ap\u0103 \u00een dou\u0103 sensuri cu furtunuri externe ranforsate \u0219i conexiuni din alam\u0103 durabile, rezistente la coroziune. Sistemul nostru de suprimare a apei, conceput pentru a respecta reglement\u0103rile de control al prafului, ajut\u0103, de asemenea, la reducerea c\u0103ldurii \u0219i frec\u0103rii, prelungind durata de via\u021b\u0103 a lamei.<\/p>\n<p>Acest fer\u0103str\u0103u dispune de o lam\u0103 de diamant premium de 300 mm cu 35% mai multe diamante* \u0219i o muchie de t\u0103iere multicompu\u0219i conceput\u0103 pentru t\u0103ieri mai rapide, mai curate \u0219i de durat\u0103 mai lung\u0103. Motorul electric de cuplu mare de 2400 W** ofer\u0103 o putere de v\u00e2rf constant\u0103 \u0219i previne \u00eencetinirea ma\u0219inii la sarcini grele. Porne\u0219te chiar de prima dat\u0103 de fiecare dat\u0103 \u0219i nu emite vapori nocivi, ceea ce \u00eel face potrivit pentru utilizare \u00een interior. \u00cen plus, nu trebuie s\u0103 v\u0103 face\u021bi griji \u00een leg\u0103tur\u0103 cu combustibilul sau \u00eentre\u021binerea costisitoare, permi\u021b\u00e2ndu-v\u0103 s\u0103 v\u0103 concentra\u021bi asupra muncii dvs. Ap\u0103r\u0103toarea ro\u021bii amelioreaz\u0103 stresul t\u0103ierii lungi, la nivelul solului \u0219i, de asemenea, permite cobor\u00e2rea fer\u0103str\u0103ului \u00een timp ce lama \u00eenc\u0103 se \u00eenv\u00e2rte. Acest fer\u0103str\u0103u dispune de tehnologia noastr\u0103 Power Protect, care protejeaz\u0103 piesele interne de praf \u0219i ap\u0103, f\u0103c\u00e2ndu-l potrivit pentru utilizare \u00een cele mai dificile medii \u0219i vine cu o garan\u021bie de 3 ani.<\/p>\n","protected":false},"excerpt":{"rendered":"<p>EVOLUTION R300DCT+ &#8211; DISC CUTTER (230v EU) (I022A) 2400w, 4600\/min, 300\/20, CutD 115mm, 9.7kg, Vibration Max 6.15m\/s2 K=1.5m\/s2<\/p>\n<p>Alimentare cu ap\u0103 pe dou\u0103 fe\u021be pentru o suprimare eficient\u0103 a prafului.<br \/>\nAd\u00e2ncime de t\u0103iere p\u00e2n\u0103 la 115 mm. Acesta este mai mult dec\u00e2t majoritatea fer\u0103str\u0103ilor cu gaz.<br \/>\nAc\u021bionare electric\u0103. F\u0103r\u0103 trac\u021biune, f\u0103r\u0103 gaz \u0219i f\u0103r\u0103 \u00eentre\u021binere.<\/p>\n","protected":false},"featured_media":533,"comment_status":"closed","ping_status":"closed","template":"","meta":[],"product_brand":[],"product_cat":[43],"product_tag":[],"class_list":{"0":"post-789","1":"product","2":"type-product","3":"status-publish","4":"has-post-thumbnail","6":"product_cat-freze-de-beton","8":"first","9":"instock","10":"sale","11":"featured","12":"shipping-taxable","13":"purchasable","14":"product-type-simple"},"_links":{"self":[{"href":"https:\/\/evolutiontools.md\/ro\/wp-json\/wp\/v2\/product\/789","targetHints":{"allow":["GET"]}}],"collection":[{"href":"https:\/\/evolutiontools.md\/ro\/wp-json\/wp\/v2\/product"}],"about":[{"href":"https:\/\/evolutiontools.md\/ro\/wp-json\/wp\/v2\/types\/product"}],"replies":[{"embeddable":true,"href":"https:\/\/evolutiontools.md\/ro\/wp-json\/wp\/v2\/comments?post=789"}],"wp:featuredmedia":[{"embeddable":true,"href":"https:\/\/evolutiontools.md\/ro\/wp-json\/wp\/v2\/media\/533"}],"wp:attachment":[{"href":"https:\/\/evolutiontools.md\/ro\/wp-json\/wp\/v2\/media?parent=789"}],"wp:term":[{"taxonomy":"product_brand","embeddable":true,"href":"https:\/\/evolutiontools.md\/ro\/wp-json\/wp\/v2\/product_brand?post=789"},{"taxonomy":"product_cat","embeddable":true,"href":"https:\/\/evolutiontools.md\/ro\/wp-json\/wp\/v2\/product_cat?post=789"},{"taxonomy":"product_tag","embeddable":true,"href":"https:\/\/evolutiontools.md\/ro\/wp-json\/wp\/v2\/product_tag?post=789"}],"curies":[{"name":"wp","href":"https:\/\/api.w.org\/{rel}","templated":true}]}}