{"id":794,"date":"2024-01-22T11:58:10","date_gmt":"2024-01-22T08:58:10","guid":{"rendered":"https:\/\/evolutiontools.md\/?post_type=product&#038;p=794"},"modified":"2024-02-26T19:58:38","modified_gmt":"2024-02-26T16:58:38","slug":"m255tct-52msro","status":"publish","type":"product","link":"https:\/\/evolutiontools.md\/ro\/shop\/m255tct-52msro\/","title":{"rendered":"Disk pe metal, 255mm M255TCT-52MS (EVOBLADE255)"},"content":{"rendered":"<p>Lamele noastre de t\u0103iere, plate, cu din\u021bi \u00eenal\u021bi, taie o\u021belul moale \u00een c\u00e2teva secunde \u0219i dep\u0103\u0219esc toate op\u021biunile de t\u0103iere abraziv\u0103. Designul cu t\u0103ieturi \u00eenguste minimizeaz\u0103 risipa de material \u0219i produce t\u0103ieri mai rapide, mai precise \u0219i mai curate de metal, care sunt suficient de reci pentru a fi utilizate imediat \u0219i gata de sudat direct din fer\u0103str\u0103u. Dac\u0103 afacerea dvs. depinde de capacitatea dvs. de a t\u0103ia din nou rapid \u0219i precis o\u021belul moale \u0219i metalele neferoase, atunci este timpul s\u0103 \u00eencepe\u021bi s\u0103 t\u0103ia\u021bi cu lamele de t\u0103iat metal TCT de la Evolution.<\/p>\n","protected":false},"excerpt":{"rendered":"<p>Lamele noastre de t\u0103iere, plate, cu din\u021bi \u00eenal\u021bi, taie o\u021belul moale \u00een c\u00e2teva secunde \u0219i dep\u0103\u0219esc toate op\u021biunile de t\u0103iere<\/p>\n","protected":false},"featured_media":1021,"comment_status":"closed","ping_status":"closed","template":"","meta":[],"product_brand":[],"product_cat":[44],"product_tag":[],"class_list":{"0":"post-794","1":"product","2":"type-product","3":"status-publish","4":"has-post-thumbnail","6":"product_cat-disk-uri","8":"first","9":"instock","10":"shipping-taxable","11":"purchasable","12":"product-type-simple"},"_links":{"self":[{"href":"https:\/\/evolutiontools.md\/ro\/wp-json\/wp\/v2\/product\/794","targetHints":{"allow":["GET"]}}],"collection":[{"href":"https:\/\/evolutiontools.md\/ro\/wp-json\/wp\/v2\/product"}],"about":[{"href":"https:\/\/evolutiontools.md\/ro\/wp-json\/wp\/v2\/types\/product"}],"replies":[{"embeddable":true,"href":"https:\/\/evolutiontools.md\/ro\/wp-json\/wp\/v2\/comments?post=794"}],"wp:featuredmedia":[{"embeddable":true,"href":"https:\/\/evolutiontools.md\/ro\/wp-json\/wp\/v2\/media\/1021"}],"wp:attachment":[{"href":"https:\/\/evolutiontools.md\/ro\/wp-json\/wp\/v2\/media?parent=794"}],"wp:term":[{"taxonomy":"product_brand","embeddable":true,"href":"https:\/\/evolutiontools.md\/ro\/wp-json\/wp\/v2\/product_brand?post=794"},{"taxonomy":"product_cat","embeddable":true,"href":"https:\/\/evolutiontools.md\/ro\/wp-json\/wp\/v2\/product_cat?post=794"},{"taxonomy":"product_tag","embeddable":true,"href":"https:\/\/evolutiontools.md\/ro\/wp-json\/wp\/v2\/product_tag?post=794"}],"curies":[{"name":"wp","href":"https:\/\/api.w.org\/{rel}","templated":true}]}}