{"id":938,"date":"2024-02-25T19:10:37","date_gmt":"2024-02-25T16:10:37","guid":{"rendered":"https:\/\/evolutiontools.md\/?post_type=product&#038;p=938"},"modified":"2024-02-25T19:30:56","modified_gmt":"2024-02-25T16:30:56","slug":"360","status":"publish","type":"product","link":"https:\/\/evolutiontools.md\/ro\/shop\/360\/","title":{"rendered":"Raportor din aluminiu 360 de grade de la Evolution"},"content":{"rendered":"<p>Protractorul din aluminiu Evolution 360\u00b0 simplific\u0103 procesul de realizare a t\u0103ierilor precise cu oglind\u0103, permi\u021b\u00e2nd m\u0103sur\u0103tori directe pe piesa de prelucrat. Aplica\u021bie versatil\u0103: Acest raportor cu scar\u0103 pentru unghiuri interne \u0219i externe este proiectat pentru o varietate de sarcini, cum ar fi prelucrarea lemnului, t\u00e2mpl\u0103rie, instala\u021bii sanitare \u0219i construc\u021bii. Este potrivit at\u00e2t pentru meseria\u0219ii profesioni\u0219ti, c\u00e2t \u0219i pentru pasiona\u021bii de bricolaj, oferind unghiuri precise.<\/p>\n","protected":false},"excerpt":{"rendered":"<p>Raportor din aluminiu 360 de grade Evolution<\/p>\n<p>170gr 185 x 62 x 12mm, 0-360\u00b0<\/p>\n","protected":false},"featured_media":940,"comment_status":"closed","ping_status":"closed","template":"","meta":[],"product_brand":[],"product_cat":[42],"product_tag":[],"class_list":{"0":"post-938","1":"product","2":"type-product","3":"status-publish","4":"has-post-thumbnail","6":"product_cat-accesorii","8":"first","9":"instock","10":"shipping-taxable","11":"purchasable","12":"product-type-simple"},"_links":{"self":[{"href":"https:\/\/evolutiontools.md\/ro\/wp-json\/wp\/v2\/product\/938","targetHints":{"allow":["GET"]}}],"collection":[{"href":"https:\/\/evolutiontools.md\/ro\/wp-json\/wp\/v2\/product"}],"about":[{"href":"https:\/\/evolutiontools.md\/ro\/wp-json\/wp\/v2\/types\/product"}],"replies":[{"embeddable":true,"href":"https:\/\/evolutiontools.md\/ro\/wp-json\/wp\/v2\/comments?post=938"}],"wp:featuredmedia":[{"embeddable":true,"href":"https:\/\/evolutiontools.md\/ro\/wp-json\/wp\/v2\/media\/940"}],"wp:attachment":[{"href":"https:\/\/evolutiontools.md\/ro\/wp-json\/wp\/v2\/media?parent=938"}],"wp:term":[{"taxonomy":"product_brand","embeddable":true,"href":"https:\/\/evolutiontools.md\/ro\/wp-json\/wp\/v2\/product_brand?post=938"},{"taxonomy":"product_cat","embeddable":true,"href":"https:\/\/evolutiontools.md\/ro\/wp-json\/wp\/v2\/product_cat?post=938"},{"taxonomy":"product_tag","embeddable":true,"href":"https:\/\/evolutiontools.md\/ro\/wp-json\/wp\/v2\/product_tag?post=938"}],"curies":[{"name":"wp","href":"https:\/\/api.w.org\/{rel}","templated":true}]}}