{"id":953,"date":"2024-02-25T19:46:23","date_gmt":"2024-02-25T16:46:23","guid":{"rendered":"https:\/\/evolutiontools.md\/?post_type=product&#038;p=953"},"modified":"2024-02-25T20:15:06","modified_gmt":"2024-02-25T17:15:06","slug":"cleme-de-colt-de-sudare-magnetice-universale-de-la-evolution-kopirovat-kopirovat","status":"publish","type":"product","link":"https:\/\/evolutiontools.md\/ro\/shop\/cleme-de-colt-de-sudare-magnetice-universale-de-la-evolution-kopirovat-kopirovat\/","title":{"rendered":"Set de t\u0103ietori EVOLUTION Short Series"},"content":{"rendered":"<p>Freze inelare Evolution Cyclone Premium &#8211; g\u0103urire rapid\u0103 \u0219i precis\u0103 a g\u0103urilor \u00een o\u021bel rezistent.<\/p>\n<p>Construite din o\u021bel tungsten-molibden S360, frezele inelare Evolution Cyclone le dep\u0103\u0219esc pe cele acoperite cu HSS, cobalt sau titan. Frezele inelare Cyclone de la Evolution pot fi tratate termic \u0219i r\u0103m\u00e2n \u00eenc\u0103 dure. Gama de freze inelare Evolution ofer\u0103 o mai mare rentabilitate, productivitate \u0219i durabilitate.<\/p>\n<p>Setul de burghie Evolution Cyclone Premium din trei piese este complementul ideal pentru gama de burghie magnetice Evolution. Acest kit include freze cu inele cu l\u0103\u021bimi de 14 mm, 18 mm \u0219i 22 mm \u0219i lungimi de 25 mm<\/p>\n","protected":false},"excerpt":{"rendered":"<p>Set freze EVOLUTION Short Series 14 mm, 18 mm, 22 mm<br \/>\nMADE IN UK<\/p>\n<p>Tija Weldon 19 mm.S360 Tungsten Molibden HSS<img loading=\"lazy\" decoding=\"async\" class=\"wp-image-964 alignright\" src=\"https:\/\/evolutiontools.md\/wp-content\/uploads\/2024\/02\/61vglkDmf5L._AC_SL1500_-300x300.jpg\" alt=\"\" width=\"103\" height=\"103\" srcset=\"https:\/\/evolutiontools.md\/wp-content\/uploads\/2024\/02\/61vglkDmf5L._AC_SL1500_-300x300.jpg 300w, https:\/\/evolutiontools.md\/wp-content\/uploads\/2024\/02\/61vglkDmf5L._AC_SL1500_-1024x1024.jpg 1024w, https:\/\/evolutiontools.md\/wp-content\/uploads\/2024\/02\/61vglkDmf5L._AC_SL1500_-150x150.jpg 150w, https:\/\/evolutiontools.md\/wp-content\/uploads\/2024\/02\/61vglkDmf5L._AC_SL1500_-768x768.jpg 768w, https:\/\/evolutiontools.md\/wp-content\/uploads\/2024\/02\/61vglkDmf5L._AC_SL1500_-600x600.jpg 600w, https:\/\/evolutiontools.md\/wp-content\/uploads\/2024\/02\/61vglkDmf5L._AC_SL1500_.jpg 1252w\" sizes=\"auto, (max-width: 103px) 100vw, 103px\" \/><\/p>\n<p>Usor de ascutit<\/p>\n","protected":false},"featured_media":955,"comment_status":"closed","ping_status":"closed","template":"","meta":[],"product_brand":[],"product_cat":[42,45],"product_tag":[],"class_list":{"0":"post-953","1":"product","2":"type-product","3":"status-publish","4":"has-post-thumbnail","6":"product_cat-accesorii","7":"product_cat-masini-de-gaurit-magnetice","9":"first","10":"instock","11":"shipping-taxable","12":"purchasable","13":"product-type-simple"},"_links":{"self":[{"href":"https:\/\/evolutiontools.md\/ro\/wp-json\/wp\/v2\/product\/953","targetHints":{"allow":["GET"]}}],"collection":[{"href":"https:\/\/evolutiontools.md\/ro\/wp-json\/wp\/v2\/product"}],"about":[{"href":"https:\/\/evolutiontools.md\/ro\/wp-json\/wp\/v2\/types\/product"}],"replies":[{"embeddable":true,"href":"https:\/\/evolutiontools.md\/ro\/wp-json\/wp\/v2\/comments?post=953"}],"wp:featuredmedia":[{"embeddable":true,"href":"https:\/\/evolutiontools.md\/ro\/wp-json\/wp\/v2\/media\/955"}],"wp:attachment":[{"href":"https:\/\/evolutiontools.md\/ro\/wp-json\/wp\/v2\/media?parent=953"}],"wp:term":[{"taxonomy":"product_brand","embeddable":true,"href":"https:\/\/evolutiontools.md\/ro\/wp-json\/wp\/v2\/product_brand?post=953"},{"taxonomy":"product_cat","embeddable":true,"href":"https:\/\/evolutiontools.md\/ro\/wp-json\/wp\/v2\/product_cat?post=953"},{"taxonomy":"product_tag","embeddable":true,"href":"https:\/\/evolutiontools.md\/ro\/wp-json\/wp\/v2\/product_tag?post=953"}],"curies":[{"name":"wp","href":"https:\/\/api.w.org\/{rel}","templated":true}]}}